{"id":4535,"date":"2021-03-22T15:34:55","date_gmt":"2021-03-22T15:34:55","guid":{"rendered":"https:\/\/alloggio.qodeinteractive.com\/?page_id=4535"},"modified":"2024-01-12T20:03:04","modified_gmt":"2024-01-12T20:03:04","slug":"borgovico-rooms","status":"publish","type":"page","link":"https:\/\/www.hotelborgovico.it\/it\/borgovico-rooms\/","title":{"rendered":"Borgovico Rooms"},"content":{"rendered":"<div data-elementor-type=\"wp-page\" data-elementor-id=\"4535\" class=\"elementor elementor-4535\" data-elementor-settings=\"[]\">\n\t\t\t\t\t\t\t<div class=\"elementor-section-wrap\">\n\t\t\t\t\t\t\t<section class=\"elementor-section elementor-top-section elementor-element elementor-element-9a3a6d9 elementor-section-full_width elementor-section-height-default elementor-section-height-default qodef-elementor-content-no\" data-id=\"9a3a6d9\" data-element_type=\"section\">\n\t\t\t\t\t\t<div class=\"elementor-container elementor-column-gap-default\">\n\t\t\t\t\t<div class=\"elementor-column elementor-col-100 elementor-top-column elementor-element elementor-element-c83d3a4\" data-id=\"c83d3a4\" data-element_type=\"column\">\n\t\t\t<div class=\"elementor-widget-wrap elementor-element-populated\">\n\t\t\t\t\t\t\t\t<div class=\"elementor-element elementor-element-258fad0 elementor-align-center elementor-widget elementor-widget-button\" data-id=\"258fad0\" data-element_type=\"widget\" data-widget_type=\"button.default\">\n\t\t\t\t<div class=\"elementor-widget-container\">\n\t\t\t\t\t<div class=\"elementor-button-wrapper\">\n\t\t\t<a href=\"https:\/\/book.octorate.com\/octobook\/site\/reservation\/index.xhtml?codice=35139\" target=\"_blank\" class=\"elementor-button-link elementor-button elementor-size-md\" role=\"button\">\n\t\t\t\t\t\t<span class=\"elementor-button-content-wrapper\">\n\t\t\t\t\t\t<span class=\"elementor-button-text\">BOOK NOW - PRENOTA<\/span>\n\t\t<\/span>\n\t\t\t\t\t<\/a>\n\t\t<\/div>\n\t\t\t\t<\/div>\n\t\t\t\t<\/div>\n\t\t\t\t<div class=\"elementor-element elementor-element-c4aa354 elementor-widget elementor-widget-alloggio_core_room_list\" data-id=\"c4aa354\" data-element_type=\"widget\" data-widget_type=\"alloggio_core_room_list.default\">\n\t\t\t\t<div class=\"elementor-widget-container\">\n\t\t\t<div class=\"qodef-shortcode qodef-m  qodef-room-list qodef-layout--boxed   qodef-grid qodef-layout--columns  qodef-gutter--normal qodef-col-num--2 qodef-item-layout--boxed qodef-pagination--on qodef-pagination-type--standard qodef-responsive--predefined\" data-options=\"{&quot;plugin&quot;:&quot;alloggio_core&quot;,&quot;module&quot;:&quot;post-types\\\/room\\\/shortcodes&quot;,&quot;shortcode&quot;:&quot;room-list&quot;,&quot;post_type&quot;:&quot;room&quot;,&quot;next_page&quot;:&quot;2&quot;,&quot;posts_per_page&quot;:&quot;-1&quot;,&quot;orderby&quot;:&quot;ID&quot;,&quot;additional_params&quot;:&quot;id&quot;,&quot;post_ids&quot;:&quot;2292, 7393,  639, 7401, 2309, 2286, 7413, 10541&quot;,&quot;behavior&quot;:&quot;columns&quot;,&quot;images_proportion&quot;:&quot;full&quot;,&quot;columns&quot;:&quot;2&quot;,&quot;columns_responsive&quot;:&quot;predefined&quot;,&quot;space&quot;:&quot;normal&quot;,&quot;layout&quot;:&quot;boxed&quot;,&quot;title_tag&quot;:&quot;h4&quot;,&quot;excerpt_length&quot;:&quot;319&quot;,&quot;pagination_type&quot;:&quot;standard&quot;,&quot;object_class_name&quot;:&quot;AlloggioCoreRoomListShortcode&quot;,&quot;additional_query_args&quot;:{&quot;orderby&quot;:&quot;post__in&quot;,&quot;post__in&quot;:[&quot;2292&quot;,&quot; 7393&quot;,&quot;  639&quot;,&quot; 7401&quot;,&quot; 2309&quot;,&quot; 2286&quot;,&quot; 7413&quot;,&quot; 10541&quot;]},&quot;unique&quot;:&quot;1&quot;,&quot;item_classes&quot;:&quot;qodef-e qodef-room-list-item qodef-grid-item&quot;,&quot;space_value&quot;:15}\">\n\t<div class=\"qodef-grid-inner clear\">\n\t\t<article class=\"qodef-e qodef-room-list-item qodef-grid-item qodef-item--full\" >\n\t<div class=\"qodef-e-inner\">\n\t\t<div class=\"qodef-e-media\">\n\t\t\t<div class=\"qodef-e-img-holder\">\n\t\t\t\t\t<div class=\"qodef-e-media-image\" data-swiper-parallax=\"27%\">\n\t\t<a itemprop=\"url\" href=\"https:\/\/www.hotelborgovico.it\/it\/room\/coral-double\/\">\n\t\t\t<img width=\"799\" height=\"580\" src=\"https:\/\/www.hotelborgovico.it\/wp-content\/uploads\/2020\/03\/coral-double-800-520.jpg\" class=\"attachment-full size-full\" alt=\"\" loading=\"lazy\" srcset=\"https:\/\/www.hotelborgovico.it\/wp-content\/uploads\/2020\/03\/coral-double-800-520.jpg 799w, https:\/\/www.hotelborgovico.it\/wp-content\/uploads\/2020\/03\/coral-double-800-520-300x218.jpg 300w, https:\/\/www.hotelborgovico.it\/wp-content\/uploads\/2020\/03\/coral-double-800-520-768x557.jpg 768w, https:\/\/www.hotelborgovico.it\/wp-content\/uploads\/2020\/03\/coral-double-800-520-18x12.jpg 18w, https:\/\/www.hotelborgovico.it\/wp-content\/uploads\/2020\/03\/coral-double-800-520-600x436.jpg 600w\" sizes=\"(max-width: 799px) 100vw, 799px\" \/>\t\t<\/a>\n\t<\/div>\n\t\t\t<\/div>\n\t\t<\/div>\n\t\t<div class=\"qodef-e-content\">\n\t\t\t<div class=\"qodef-e-heading\">\n\t\t\t\t<h4 itemprop=\"name\" class=\"qodef-e-title entry-title\" >\n\t<a itemprop=\"url\" href=\"https:\/\/www.hotelborgovico.it\/it\/room\/coral-double\/\">\n\t\tCoral Double &#8211; SUPERIOR\t<\/a>\n<\/h4>\t\t\t\t\t\t\t<\/div>\n\t\t\t<div class=\"qodef-e-info-items\">\n\t\t\t\t\t\t\t\t\t<span class=\"qodef-e-room-size\">24m2<\/span>\n\t\t\t\t\t<span class=\"qodef-e-capacity\">1-2 person<\/span>\n\t\t\t<\/div>\n\t\t\t\t\t<p itemprop=\"description\" class=\"qodef-e-excerpt\">Questa affascinante camera recentemente ristrutturata (nell'estate del  2021), con finestre alte per consentire  alla luce di  entrare in abbondanza, rivela i tenui colori del corallo sulle pareti, mobili di legno massiccio  e un letto comodo. Il bagno, molto spazioso, \u00e8 dotato di tutto ci\u00f2 di cui si potrebbe aver bisogno per prendersi una giornata di relax dopo un'intensa esplorazione intorno al lago. <\/p>\n\t\t\t\t<div class=\"qodef-e-button\">\n\t<a class=\"qodef-shortcode qodef-m  qodef-button qodef-layout--textual qodef-size--normal qodef-html--link\" href=\"https:\/\/www.hotelborgovico.it\/it\/room\/coral-double\/\" target=\"_self\"  >\t<span class=\"qodef-m-text\">Prenota Ora<\/span>\t<span class=\"qodef-m-plus\"><\/span><\/a>\t\t<\/div>\t\t<\/div>\n\t<\/div>\n<\/article><article class=\"qodef-e qodef-room-list-item qodef-grid-item qodef-item--full\" >\n\t<div class=\"qodef-e-inner\">\n\t\t<div class=\"qodef-e-media\">\n\t\t\t<div class=\"qodef-e-img-holder\">\n\t\t\t\t\t<div class=\"qodef-e-media-image\" data-swiper-parallax=\"27%\">\n\t\t<a itemprop=\"url\" href=\"https:\/\/www.hotelborgovico.it\/it\/room\/azzura-double\/\">\n\t\t\t<img width=\"801\" height=\"580\" src=\"https:\/\/www.hotelborgovico.it\/wp-content\/uploads\/2020\/03\/azzura-double-800-580-featured-photo1.jpg\" class=\"attachment-full size-full\" alt=\"\" loading=\"lazy\" srcset=\"https:\/\/www.hotelborgovico.it\/wp-content\/uploads\/2020\/03\/azzura-double-800-580-featured-photo1.jpg 801w, https:\/\/www.hotelborgovico.it\/wp-content\/uploads\/2020\/03\/azzura-double-800-580-featured-photo1-300x217.jpg 300w, https:\/\/www.hotelborgovico.it\/wp-content\/uploads\/2020\/03\/azzura-double-800-580-featured-photo1-768x556.jpg 768w, https:\/\/www.hotelborgovico.it\/wp-content\/uploads\/2020\/03\/azzura-double-800-580-featured-photo1-18x12.jpg 18w, https:\/\/www.hotelborgovico.it\/wp-content\/uploads\/2020\/03\/azzura-double-800-580-featured-photo1-600x434.jpg 600w\" sizes=\"(max-width: 801px) 100vw, 801px\" \/>\t\t<\/a>\n\t<\/div>\n\t\t\t<\/div>\n\t\t<\/div>\n\t\t<div class=\"qodef-e-content\">\n\t\t\t<div class=\"qodef-e-heading\">\n\t\t\t\t<h4 itemprop=\"name\" class=\"qodef-e-title entry-title\" >\n\t<a itemprop=\"url\" href=\"https:\/\/www.hotelborgovico.it\/it\/room\/azzura-double\/\">\n\t\tAzzura Double &#8211; SUPERIOR\t<\/a>\n<\/h4>\t\t\t\t\t\t\t<\/div>\n\t\t\t<div class=\"qodef-e-info-items\">\n\t\t\t\t\t\t\t\t\t<span class=\"qodef-e-room-size\">24m2<\/span>\n\t\t\t\t\t<span class=\"qodef-e-capacity\">1-2 person<\/span>\n\t\t\t<\/div>\n\t\t\t\t\t<p itemprop=\"description\" class=\"qodef-e-excerpt\">Questa affascinante camera recentemente ristrutturata (nell'estate del 2021), con finestre alte per consentire  alla luce di  entrare in abbondanza, rivela i tenui colori dell\u2019azzurro sulle pareti, mobili di legno massiccio e un letto comodo. Lo spazioso bagno   \u00e8 dotato di tutto ci\u00f2 di cui si potrebbe aver bisogno per prendersi una giornata di relax dopo un'intensa esplorazione intorno al lago. <\/p>\n\t\t\t\t<div class=\"qodef-e-button\">\n\t<a class=\"qodef-shortcode qodef-m  qodef-button qodef-layout--textual qodef-size--normal qodef-html--link\" href=\"https:\/\/www.hotelborgovico.it\/it\/room\/azzura-double\/\" target=\"_self\"  >\t<span class=\"qodef-m-text\">Prenota Ora<\/span>\t<span class=\"qodef-m-plus\"><\/span><\/a>\t\t<\/div>\t\t<\/div>\n\t<\/div>\n<\/article><article class=\"qodef-e qodef-room-list-item qodef-grid-item qodef-item--full\" >\n\t<div class=\"qodef-e-inner\">\n\t\t<div class=\"qodef-e-media\">\n\t\t\t<div class=\"qodef-e-img-holder\">\n\t\t\t\t\t<div class=\"qodef-e-media-image\" data-swiper-parallax=\"27%\">\n\t\t<a itemprop=\"url\" href=\"https:\/\/www.hotelborgovico.it\/it\/room\/coral-triple\/\">\n\t\t\t<img width=\"798\" height=\"580\" src=\"https:\/\/www.hotelborgovico.it\/wp-content\/uploads\/2020\/03\/triple-coral-featured-photo-800-580-1.jpg\" class=\"attachment-full size-full\" alt=\"\" loading=\"lazy\" srcset=\"https:\/\/www.hotelborgovico.it\/wp-content\/uploads\/2020\/03\/triple-coral-featured-photo-800-580-1.jpg 798w, https:\/\/www.hotelborgovico.it\/wp-content\/uploads\/2020\/03\/triple-coral-featured-photo-800-580-1-300x218.jpg 300w, https:\/\/www.hotelborgovico.it\/wp-content\/uploads\/2020\/03\/triple-coral-featured-photo-800-580-1-768x558.jpg 768w, https:\/\/www.hotelborgovico.it\/wp-content\/uploads\/2020\/03\/triple-coral-featured-photo-800-580-1-18x12.jpg 18w, https:\/\/www.hotelborgovico.it\/wp-content\/uploads\/2020\/03\/triple-coral-featured-photo-800-580-1-600x436.jpg 600w\" sizes=\"(max-width: 798px) 100vw, 798px\" \/>\t\t<\/a>\n\t<\/div>\n\t\t\t<\/div>\n\t\t<\/div>\n\t\t<div class=\"qodef-e-content\">\n\t\t\t<div class=\"qodef-e-heading\">\n\t\t\t\t<h4 itemprop=\"name\" class=\"qodef-e-title entry-title\" >\n\t<a itemprop=\"url\" href=\"https:\/\/www.hotelborgovico.it\/it\/room\/coral-triple\/\">\n\t\tCoral Triple &#8211; SUPERIOR\t<\/a>\n<\/h4>\t\t\t\t\t\t\t<\/div>\n\t\t\t<div class=\"qodef-e-info-items\">\n\t\t\t\t\t\t\t\t\t<span class=\"qodef-e-room-size\">25m2<\/span>\n\t\t\t\t\t<span class=\"qodef-e-capacity\">1-3 person<\/span>\n\t\t\t<\/div>\n\t\t\t\t\t<p itemprop=\"description\" class=\"qodef-e-excerpt\">Questa affascinante camera recentemente ristrutturata (nell'estate del 2021), con finestre alte per consentire  alla luce di  entrare in abbondanza, rivela i tenui colori del corallo sulle pareti, mobili di legno massiccio  e un letto comodo pi\u00f9 un divano letto. Il bagno, molto spazioso, \u00e8 dotato di tutto ci\u00f2 di cui si potrebbe aver bisogno per prendersi una giornata di relax dopo un'intensa esplorazione intorno al lago.<\/p>\n\t\t\t\t<div class=\"qodef-e-button\">\n\t<a class=\"qodef-shortcode qodef-m  qodef-button qodef-layout--textual qodef-size--normal qodef-html--link\" href=\"https:\/\/www.hotelborgovico.it\/it\/room\/coral-triple\/\" target=\"_self\"  >\t<span class=\"qodef-m-text\">Prenota Ora<\/span>\t<span class=\"qodef-m-plus\"><\/span><\/a>\t\t<\/div>\t\t<\/div>\n\t<\/div>\n<\/article><article class=\"qodef-e qodef-room-list-item qodef-grid-item qodef-item--full\" >\n\t<div class=\"qodef-e-inner\">\n\t\t<div class=\"qodef-e-media\">\n\t\t\t<div class=\"qodef-e-img-holder\">\n\t\t\t\t\t<div class=\"qodef-e-media-image\" data-swiper-parallax=\"27%\">\n\t\t<a itemprop=\"url\" href=\"https:\/\/www.hotelborgovico.it\/it\/room\/azzura-triple\/\">\n\t\t\t<img width=\"802\" height=\"580\" src=\"https:\/\/www.hotelborgovico.it\/wp-content\/uploads\/2020\/03\/azzura-double-800-580-featured-photo.jpg\" class=\"attachment-full size-full\" alt=\"\" loading=\"lazy\" srcset=\"https:\/\/www.hotelborgovico.it\/wp-content\/uploads\/2020\/03\/azzura-double-800-580-featured-photo.jpg 802w, https:\/\/www.hotelborgovico.it\/wp-content\/uploads\/2020\/03\/azzura-double-800-580-featured-photo-300x217.jpg 300w, https:\/\/www.hotelborgovico.it\/wp-content\/uploads\/2020\/03\/azzura-double-800-580-featured-photo-768x555.jpg 768w, https:\/\/www.hotelborgovico.it\/wp-content\/uploads\/2020\/03\/azzura-double-800-580-featured-photo-18x12.jpg 18w, https:\/\/www.hotelborgovico.it\/wp-content\/uploads\/2020\/03\/azzura-double-800-580-featured-photo-600x434.jpg 600w\" sizes=\"(max-width: 802px) 100vw, 802px\" \/>\t\t<\/a>\n\t<\/div>\n\t\t\t<\/div>\n\t\t<\/div>\n\t\t<div class=\"qodef-e-content\">\n\t\t\t<div class=\"qodef-e-heading\">\n\t\t\t\t<h4 itemprop=\"name\" class=\"qodef-e-title entry-title\" >\n\t<a itemprop=\"url\" href=\"https:\/\/www.hotelborgovico.it\/it\/room\/azzura-triple\/\">\n\t\tAzzura Triple &#8211; SUPERIOR\t<\/a>\n<\/h4>\t\t\t\t\t\t\t<\/div>\n\t\t\t<div class=\"qodef-e-info-items\">\n\t\t\t\t\t\t\t\t\t<span class=\"qodef-e-room-size\">25m2<\/span>\n\t\t\t\t\t<span class=\"qodef-e-capacity\">1-3 person<\/span>\n\t\t\t<\/div>\n\t\t\t\t\t<p itemprop=\"description\" class=\"qodef-e-excerpt\">Questa affascinante camera recentemente ristrutturata (nell'estate del 2021), con finestre alte per consentire  alla luce di  entrare in abbondanza, rivela i tenui colori dell\u2019azzurro sulle pareti, mobili di legno massiccio, un letto comodo e un divano letto. <\/p>\n\t\t\t\t<div class=\"qodef-e-button\">\n\t<a class=\"qodef-shortcode qodef-m  qodef-button qodef-layout--textual qodef-size--normal qodef-html--link\" href=\"https:\/\/www.hotelborgovico.it\/it\/room\/azzura-triple\/\" target=\"_self\"  >\t<span class=\"qodef-m-text\">Prenota Ora<\/span>\t<span class=\"qodef-m-plus\"><\/span><\/a>\t\t<\/div>\t\t<\/div>\n\t<\/div>\n<\/article><article class=\"qodef-e qodef-room-list-item qodef-grid-item qodef-item--full\" >\n\t<div class=\"qodef-e-inner\">\n\t\t<div class=\"qodef-e-media\">\n\t\t\t<div class=\"qodef-e-img-holder\">\n\t\t\t\t\t<div class=\"qodef-e-media-image\" data-swiper-parallax=\"27%\">\n\t\t<a itemprop=\"url\" href=\"https:\/\/www.hotelborgovico.it\/it\/room\/la-famiglia-quadruple\/\">\n\t\t\t<img width=\"800\" height=\"580\" src=\"https:\/\/www.hotelborgovico.it\/wp-content\/uploads\/2020\/03\/la-famiglia-800-580-featured-photoes.jpg\" class=\"attachment-full size-full\" alt=\"\" loading=\"lazy\" srcset=\"https:\/\/www.hotelborgovico.it\/wp-content\/uploads\/2020\/03\/la-famiglia-800-580-featured-photoes.jpg 800w, https:\/\/www.hotelborgovico.it\/wp-content\/uploads\/2020\/03\/la-famiglia-800-580-featured-photoes-300x218.jpg 300w, https:\/\/www.hotelborgovico.it\/wp-content\/uploads\/2020\/03\/la-famiglia-800-580-featured-photoes-768x557.jpg 768w, https:\/\/www.hotelborgovico.it\/wp-content\/uploads\/2020\/03\/la-famiglia-800-580-featured-photoes-18x12.jpg 18w, https:\/\/www.hotelborgovico.it\/wp-content\/uploads\/2020\/03\/la-famiglia-800-580-featured-photoes-600x435.jpg 600w\" sizes=\"(max-width: 800px) 100vw, 800px\" \/>\t\t<\/a>\n\t<\/div>\n\t\t\t<\/div>\n\t\t<\/div>\n\t\t<div class=\"qodef-e-content\">\n\t\t\t<div class=\"qodef-e-heading\">\n\t\t\t\t<h4 itemprop=\"name\" class=\"qodef-e-title entry-title\" >\n\t<a itemprop=\"url\" href=\"https:\/\/www.hotelborgovico.it\/it\/room\/la-famiglia-quadruple\/\">\n\t\tFamiliare &#8211; DELUXE\t<\/a>\n<\/h4>\t\t\t\t\t\t\t<\/div>\n\t\t\t<div class=\"qodef-e-info-items\">\n\t\t\t\t\t\t\t\t\t<span class=\"qodef-e-room-size\">48m2<\/span>\n\t\t\t\t\t<span class=\"qodef-e-capacity\">1-4 person<\/span>\n\t\t\t<\/div>\n\t\t\t\t\t<p itemprop=\"description\" class=\"qodef-e-excerpt\">Elegante e spaziosa  pu\u00f2 ospitare fino a quattro persone. Dotata di due livelli, questa camera originale ed unica \u00e8 la scelta ideale per famiglie e amici che viaggiano insieme. Dispone di un ampio bagno e di un design moderno e contemporaneo, che offre un senso di comodit\u00e0  e spazio. Situata al secondo piano d\u00e0 sul nostro interno e tranquillo cortile affascinante.<\/p>\n\t\t\t\t<div class=\"qodef-e-button\">\n\t<a class=\"qodef-shortcode qodef-m  qodef-button qodef-layout--textual qodef-size--normal qodef-html--link\" href=\"https:\/\/www.hotelborgovico.it\/it\/room\/la-famiglia-quadruple\/\" target=\"_self\"  >\t<span class=\"qodef-m-text\">Prenota Ora<\/span>\t<span class=\"qodef-m-plus\"><\/span><\/a>\t\t<\/div>\t\t<\/div>\n\t<\/div>\n<\/article><article class=\"qodef-e qodef-room-list-item qodef-grid-item qodef-item--full\" >\n\t<div class=\"qodef-e-inner\">\n\t\t<div class=\"qodef-e-media\">\n\t\t\t<div class=\"qodef-e-img-holder\">\n\t\t\t\t\t<div class=\"qodef-e-media-image\" data-swiper-parallax=\"27%\">\n\t\t<a itemprop=\"url\" href=\"https:\/\/www.hotelborgovico.it\/it\/room\/summer-beam\/\">\n\t\t\t<img width=\"800\" height=\"580\" src=\"https:\/\/www.hotelborgovico.it\/wp-content\/uploads\/2020\/03\/warm-cosy-800-580.jpg\" class=\"attachment-full size-full\" alt=\"\" loading=\"lazy\" srcset=\"https:\/\/www.hotelborgovico.it\/wp-content\/uploads\/2020\/03\/warm-cosy-800-580.jpg 800w, https:\/\/www.hotelborgovico.it\/wp-content\/uploads\/2020\/03\/warm-cosy-800-580-300x218.jpg 300w, https:\/\/www.hotelborgovico.it\/wp-content\/uploads\/2020\/03\/warm-cosy-800-580-768x557.jpg 768w, https:\/\/www.hotelborgovico.it\/wp-content\/uploads\/2020\/03\/warm-cosy-800-580-18x12.jpg 18w, https:\/\/www.hotelborgovico.it\/wp-content\/uploads\/2020\/03\/warm-cosy-800-580-600x435.jpg 600w\" sizes=\"(max-width: 800px) 100vw, 800px\" \/>\t\t<\/a>\n\t<\/div>\n\t\t\t<\/div>\n\t\t<\/div>\n\t\t<div class=\"qodef-e-content\">\n\t\t\t<div class=\"qodef-e-heading\">\n\t\t\t\t<h4 itemprop=\"name\" class=\"qodef-e-title entry-title\" >\n\t<a itemprop=\"url\" href=\"https:\/\/www.hotelborgovico.it\/it\/room\/summer-beam\/\">\n\t\tSummer Beam &#8211; STANDARD (there are 2 styles of standard room)\t<\/a>\n<\/h4>\t\t\t\t\t\t\t<\/div>\n\t\t\t<div class=\"qodef-e-info-items\">\n\t\t\t\t\t\t\t\t\t<span class=\"qodef-e-room-size\">20m2<\/span>\n\t\t\t\t\t<span class=\"qodef-e-capacity\">1-2 person<\/span>\n\t\t\t<\/div>\n\t\t\t\t\t<p itemprop=\"description\" class=\"qodef-e-excerpt\">Queste due gemme del nostro hotel hanno travi in legno del soffitto e un arredamento su misura. Rispecchiando  il tradizionale stile italiano, queste spaziose camere sono intime ed eleganti e offrono il massimo comfort. Si affacciano al nostro cortile interno, affascinante e spazioso. Accessibili dalla scala interna. <\/p>\n\t\t\t\t<div class=\"qodef-e-button\">\n\t<a class=\"qodef-shortcode qodef-m  qodef-button qodef-layout--textual qodef-size--normal qodef-html--link\" href=\"https:\/\/www.hotelborgovico.it\/it\/room\/summer-beam\/\" target=\"_self\"  >\t<span class=\"qodef-m-text\">Prenota Ora<\/span>\t<span class=\"qodef-m-plus\"><\/span><\/a>\t\t<\/div>\t\t<\/div>\n\t<\/div>\n<\/article><article class=\"qodef-e qodef-room-list-item qodef-grid-item qodef-item--full\" >\n\t<div class=\"qodef-e-inner\">\n\t\t<div class=\"qodef-e-media\">\n\t\t\t<div class=\"qodef-e-img-holder\">\n\t\t\t\t\t<div class=\"qodef-e-media-image\" data-swiper-parallax=\"27%\">\n\t\t<a itemprop=\"url\" href=\"https:\/\/www.hotelborgovico.it\/it\/room\/warm-cosy\/\">\n\t\t\t<img width=\"800\" height=\"580\" src=\"https:\/\/www.hotelborgovico.it\/wp-content\/uploads\/2022\/02\/WARM-COSY-MAIN-800-580.jpg\" class=\"attachment-full size-full\" alt=\"\" loading=\"lazy\" srcset=\"https:\/\/www.hotelborgovico.it\/wp-content\/uploads\/2022\/02\/WARM-COSY-MAIN-800-580.jpg 800w, https:\/\/www.hotelborgovico.it\/wp-content\/uploads\/2022\/02\/WARM-COSY-MAIN-800-580-300x218.jpg 300w, https:\/\/www.hotelborgovico.it\/wp-content\/uploads\/2022\/02\/WARM-COSY-MAIN-800-580-768x557.jpg 768w, https:\/\/www.hotelborgovico.it\/wp-content\/uploads\/2022\/02\/WARM-COSY-MAIN-800-580-18x12.jpg 18w, https:\/\/www.hotelborgovico.it\/wp-content\/uploads\/2022\/02\/WARM-COSY-MAIN-800-580-600x435.jpg 600w\" sizes=\"(max-width: 800px) 100vw, 800px\" \/>\t\t<\/a>\n\t<\/div>\n\t\t\t<\/div>\n\t\t<\/div>\n\t\t<div class=\"qodef-e-content\">\n\t\t\t<div class=\"qodef-e-heading\">\n\t\t\t\t<h4 itemprop=\"name\" class=\"qodef-e-title entry-title\" >\n\t<a itemprop=\"url\" href=\"https:\/\/www.hotelborgovico.it\/it\/room\/warm-cosy\/\">\n\t\tWarm &#038; Cosy &#8211; CLASSIC \/ BASIC\t<\/a>\n<\/h4>\t\t\t\t\t\t\t<\/div>\n\t\t\t<div class=\"qodef-e-info-items\">\n\t\t\t\t\t\t\t\t\t<span class=\"qodef-e-room-size\">18m2<\/span>\n\t\t\t\t\t<span class=\"qodef-e-capacity\">1-2 person<\/span>\n\t\t\t<\/div>\n\t\t\t\t\t<p itemprop=\"description\" class=\"qodef-e-excerpt\">Queste due classiche camere doppie e una singola presentano un arredamento classico con toni neutri. Recentemente rinnovate parzialmente. Raggiungibili  con ascensore. \u00a0<\/p>\n\t\t\t\t<div class=\"qodef-e-button\">\n\t<a class=\"qodef-shortcode qodef-m  qodef-button qodef-layout--textual qodef-size--normal qodef-html--link\" href=\"https:\/\/www.hotelborgovico.it\/it\/room\/warm-cosy\/\" target=\"_self\"  >\t<span class=\"qodef-m-text\">Prenota Ora<\/span>\t<span class=\"qodef-m-plus\"><\/span><\/a>\t\t<\/div>\t\t<\/div>\n\t<\/div>\n<\/article><article class=\"qodef-e qodef-room-list-item qodef-grid-item qodef-item--full\" >\n\t<div class=\"qodef-e-inner\">\n\t\t<div class=\"qodef-e-media\">\n\t\t\t<div class=\"qodef-e-img-holder\">\n\t\t\t\t\t<div class=\"qodef-e-media-image\" data-swiper-parallax=\"27%\">\n\t\t<a itemprop=\"url\" href=\"https:\/\/www.hotelborgovico.it\/it\/room\/la-classica\/\">\n\t\t\t<img width=\"799\" height=\"580\" src=\"https:\/\/www.hotelborgovico.it\/wp-content\/uploads\/2022\/05\/La-Classica-800-580-featured-image.jpg\" class=\"attachment-full size-full\" alt=\"\" loading=\"lazy\" srcset=\"https:\/\/www.hotelborgovico.it\/wp-content\/uploads\/2022\/05\/La-Classica-800-580-featured-image.jpg 799w, https:\/\/www.hotelborgovico.it\/wp-content\/uploads\/2022\/05\/La-Classica-800-580-featured-image-300x218.jpg 300w, https:\/\/www.hotelborgovico.it\/wp-content\/uploads\/2022\/05\/La-Classica-800-580-featured-image-768x557.jpg 768w, https:\/\/www.hotelborgovico.it\/wp-content\/uploads\/2022\/05\/La-Classica-800-580-featured-image-18x12.jpg 18w, https:\/\/www.hotelborgovico.it\/wp-content\/uploads\/2022\/05\/La-Classica-800-580-featured-image-600x436.jpg 600w\" sizes=\"(max-width: 799px) 100vw, 799px\" \/>\t\t<\/a>\n\t<\/div>\n\t\t\t<\/div>\n\t\t<\/div>\n\t\t<div class=\"qodef-e-content\">\n\t\t\t<div class=\"qodef-e-heading\">\n\t\t\t\t<h4 itemprop=\"name\" class=\"qodef-e-title entry-title\" >\n\t<a itemprop=\"url\" href=\"https:\/\/www.hotelborgovico.it\/it\/room\/la-classica\/\">\n\t\tLa Classica &#8211; STANDARD (there are 2 styles of standard room)\t<\/a>\n<\/h4>\t\t\t\t\t\t\t<\/div>\n\t\t\t<div class=\"qodef-e-info-items\">\n\t\t\t\t\t\t\t\t\t<span class=\"qodef-e-room-size\">20m2<\/span>\n\t\t\t\t\t<span class=\"qodef-e-capacity\">1-2 person<\/span>\n\t\t\t<\/div>\n\t\t\t\t\t<p itemprop=\"description\" class=\"qodef-e-excerpt\">Questa camera dallo stile classico mantiene lo spirito della tradizione italiana e si trova in un secondo edificio.<\/p>\n\t\t\t\t<div class=\"qodef-e-button\">\n\t<a class=\"qodef-shortcode qodef-m  qodef-button qodef-layout--textual qodef-size--normal qodef-html--link\" href=\"https:\/\/www.hotelborgovico.it\/it\/room\/la-classica\/\" target=\"_self\"  >\t<span class=\"qodef-m-text\">Prenota Ora<\/span>\t<span class=\"qodef-m-plus\"><\/span><\/a>\t\t<\/div>\t\t<\/div>\n\t<\/div>\n<\/article>\t<\/div>\n\t<\/div>\t\t<\/div>\n\t\t\t\t<\/div>\n\t\t\t\t<div class=\"elementor-element elementor-element-01679a0 elementor-align-center elementor-widget elementor-widget-button\" data-id=\"01679a0\" data-element_type=\"widget\" data-widget_type=\"button.default\">\n\t\t\t\t<div class=\"elementor-widget-container\">\n\t\t\t\t\t<div class=\"elementor-button-wrapper\">\n\t\t\t<a href=\"https:\/\/book.octorate.com\/octobook\/site\/reservation\/index.xhtml?codice=35139\" target=\"_blank\" class=\"elementor-button-link elementor-button elementor-size-md\" role=\"button\">\n\t\t\t\t\t\t<span class=\"elementor-button-content-wrapper\">\n\t\t\t\t\t\t<span class=\"elementor-button-text\">BOOK NOW - PRENOTA<\/span>\n\t\t<\/span>\n\t\t\t\t\t<\/a>\n\t\t<\/div>\n\t\t\t\t<\/div>\n\t\t\t\t<\/div>\n\t\t\t\t\t<\/div>\n\t\t<\/div>\n\t\t\t\t\t\t\t<\/div>\n\t\t<\/section>\n\t\t\t\t\t\t<\/div>\n\t\t\t\t\t<\/div>","protected":false},"excerpt":{"rendered":"<p>BOOK NOW &#8211; PRENOTA Coral Double &#8211; SUPERIOR 24m2 1-2 person This charming newly refurbished (in the summer of 2021) room, with high windows to allow a lot of light to enter, retains soft coral colours on the walls, hard wood furniture, comfortable bed.The very spacious bathroom is equipped with everything one could need to [&hellip;]<\/p>","protected":false},"author":1,"featured_media":0,"parent":0,"menu_order":0,"comment_status":"closed","ping_status":"closed","template":"","meta":[],"_links":{"self":[{"href":"https:\/\/www.hotelborgovico.it\/it\/wp-json\/wp\/v2\/pages\/4535"}],"collection":[{"href":"https:\/\/www.hotelborgovico.it\/it\/wp-json\/wp\/v2\/pages"}],"about":[{"href":"https:\/\/www.hotelborgovico.it\/it\/wp-json\/wp\/v2\/types\/page"}],"author":[{"embeddable":true,"href":"https:\/\/www.hotelborgovico.it\/it\/wp-json\/wp\/v2\/users\/1"}],"replies":[{"embeddable":true,"href":"https:\/\/www.hotelborgovico.it\/it\/wp-json\/wp\/v2\/comments?post=4535"}],"version-history":[{"count":73,"href":"https:\/\/www.hotelborgovico.it\/it\/wp-json\/wp\/v2\/pages\/4535\/revisions"}],"predecessor-version":[{"id":11076,"href":"https:\/\/www.hotelborgovico.it\/it\/wp-json\/wp\/v2\/pages\/4535\/revisions\/11076"}],"wp:attachment":[{"href":"https:\/\/www.hotelborgovico.it\/it\/wp-json\/wp\/v2\/media?parent=4535"}],"curies":[{"name":"wp","href":"https:\/\/api.w.org\/{rel}","templated":true}]}}